{"id":2340,"date":"2021-12-16T14:03:54","date_gmt":"2021-12-16T13:03:54","guid":{"rendered":"http:\/\/dev.coenaalders.nl\/leadership-consulting\/"},"modified":"2022-01-21T17:23:06","modified_gmt":"2022-01-21T16:23:06","slug":"leadership-consulting","status":"publish","type":"page","link":"https:\/\/www.coenaalders.nl\/de\/leadership-consulting\/","title":{"rendered":"Leadership Consulting"},"content":{"rendered":"\t\t<div data-elementor-type=\"wp-page\" data-elementor-id=\"2340\" class=\"elementor elementor-2340 elementor-1313\" data-elementor-post-type=\"page\">\n\t\t\t\t\t\t<section class=\"elementor-section elementor-top-section elementor-element elementor-element-4d66ad77 elementor-section-boxed elementor-section-height-default elementor-section-height-default\" data-id=\"4d66ad77\" data-element_type=\"section\">\n\t\t\t\t\t\t<div class=\"elementor-container elementor-column-gap-default\">\n\t\t\t\t\t<div class=\"elementor-column elementor-col-100 elementor-top-column elementor-element elementor-element-51fb98a7\" data-id=\"51fb98a7\" data-element_type=\"column\">\n\t\t\t<div class=\"elementor-widget-wrap elementor-element-populated\">\n\t\t\t\t\t\t<div class=\"elementor-element elementor-element-51aed1d0 elementor-headline--style-rotate elementor-widget elementor-widget-animated-headline\" data-id=\"51aed1d0\" data-element_type=\"widget\" data-settings=\"{&quot;headline_style&quot;:&quot;rotate&quot;,&quot;animation_type&quot;:&quot;drop-in&quot;,&quot;rotating_text&quot;:&quot;jenseits&quot;,&quot;rotate_iteration_delay&quot;:15000}\" data-widget_type=\"animated-headline.default\">\n\t\t\t\t<div class=\"elementor-widget-container\">\n\t\t\t\t\t\t\t<h3 class=\"elementor-headline elementor-headline-animation-type-drop-in\">\n\t\t\t\t\t<span class=\"elementor-headline-plain-text elementor-headline-text-wrapper\">Wie sieht eine inspirierte F\u00fchrung<\/span>\n\t\t\t\t<span class=\"elementor-headline-dynamic-wrapper elementor-headline-text-wrapper\">\n\t\t\t\t\t<span class=\"elementor-headline-dynamic-text elementor-headline-text-active\">\n\t\t\t\tjenseits\t\t\t<\/span>\n\t\t\t\t\t\t<\/span>\n\t\t\t\t\t<span class=\"elementor-headline-plain-text elementor-headline-text-wrapper\">der heutigen Management-Moden aus?<\/span>\n\t\t\t\t\t<\/h3>\n\t\t\t\t\t\t<\/div>\n\t\t\t\t<\/div>\n\t\t\t\t\t<\/div>\n\t\t<\/div>\n\t\t\t\t\t<\/div>\n\t\t<\/section>\n\t\t\t\t<section class=\"elementor-section elementor-top-section elementor-element elementor-element-7708b6f6 elementor-section-boxed elementor-section-height-default elementor-section-height-default\" data-id=\"7708b6f6\" data-element_type=\"section\">\n\t\t\t\t\t\t<div class=\"elementor-container elementor-column-gap-default\">\n\t\t\t\t\t<div class=\"elementor-column elementor-col-50 elementor-top-column elementor-element elementor-element-42d61498\" data-id=\"42d61498\" data-element_type=\"column\">\n\t\t\t<div class=\"elementor-widget-wrap elementor-element-populated\">\n\t\t\t\t\t\t<div class=\"elementor-element elementor-element-7f935ac7 elementor-widget elementor-widget-text-editor\" data-id=\"7f935ac7\" data-element_type=\"widget\" data-widget_type=\"text-editor.default\">\n\t\t\t\t<div class=\"elementor-widget-container\">\n\t\t\t\t\t\t\t\t\t<p><strong>Beratungs- und Managementtheorien konzentrieren sich gew\u00f6hnlich auf das Sichtbare, das Konkrete und Bewusste, das Rationale. Dies sind zweifellos sehr wichtige Aspekte der Organisation, aber sie bilden nicht die gesamte Realit\u00e4t ab.<\/strong><\/p>\t\t\t\t\t\t\t\t<\/div>\n\t\t\t\t<\/div>\n\t\t\t\t\t<\/div>\n\t\t<\/div>\n\t\t\t\t<div class=\"elementor-column elementor-col-50 elementor-top-column elementor-element elementor-element-8a88bbf\" data-id=\"8a88bbf\" data-element_type=\"column\">\n\t\t\t<div class=\"elementor-widget-wrap elementor-element-populated\">\n\t\t\t\t\t\t<div class=\"elementor-element elementor-element-3e163bd elementor-widget elementor-widget-text-editor\" data-id=\"3e163bd\" data-element_type=\"widget\" data-widget_type=\"text-editor.default\">\n\t\t\t\t<div class=\"elementor-widget-container\">\n\t\t\t\t\t\t\t\t\t<p>Denn auch Emotionen, Irrationalit\u00e4t und unbewusste Motive sind Teil der unternehmerischen Realit\u00e4t. Viele Organisationen arbeiten nicht optimal, weil diesen Aspekten nicht gen\u00fcgend Aufmerksamkeit geschenkt wird. Warum bekommen wir nicht immer unsere Ergebnisse? Warum haben wir schon drei Umstrukturierungen hinter uns, aber jeder hat das Gef\u00fchl, dass alles beim Alten bleibt? Warum k\u00f6nnen wir sehr gut Pl\u00e4ne machen, aber es ist so schwierig, sie zu verwirklichen?<\/p><p>Wir kartieren f\u00fcr Sie das Konkrete und das Fl\u00fcchtige, das Bewusste und das Unbewusste mit analytischer Sch\u00e4rfe und gesunder Reinheit, die Ihnen Einblicke in die Seiten Ihrer Organisation gibt, die Sie noch nicht kannten. Diese Diagnose ist eine tragf\u00e4hige Grundlage f\u00fcr nachhaltige Ver\u00e4nderungen, Leistungssteigerung und h\u00f6here Mitarbeiterzufriedenheit.<\/p>\t\t\t\t\t\t\t\t<\/div>\n\t\t\t\t<\/div>\n\t\t\t\t\t<\/div>\n\t\t<\/div>\n\t\t\t\t\t<\/div>\n\t\t<\/section>\n\t\t\t\t<\/div>\n\t\t","protected":false},"excerpt":{"rendered":"<p>Wie sieht eine inspirierte F\u00fchrung jenseits der heutigen Management-Moden aus? Beratungs- und Managementtheorien konzentrieren sich gew\u00f6hnlich auf das Sichtbare, das Konkrete und Bewusste, das Rationale. Dies sind zweifellos sehr wichtige Aspekte der Organisation, aber sie bilden nicht die gesamte Realit\u00e4t ab. Denn auch Emotionen, Irrationalit\u00e4t und unbewusste Motive sind Teil der unternehmerischen Realit\u00e4t. Viele Organisationen [&hellip;]<\/p>\n","protected":false},"author":1,"featured_media":0,"parent":0,"menu_order":0,"comment_status":"closed","ping_status":"open","template":"","meta":{"footnotes":""},"class_list":["post-2340","page","type-page","status-publish","hentry"],"_links":{"self":[{"href":"https:\/\/www.coenaalders.nl\/de\/wp-json\/wp\/v2\/pages\/2340","targetHints":{"allow":["GET"]}}],"collection":[{"href":"https:\/\/www.coenaalders.nl\/de\/wp-json\/wp\/v2\/pages"}],"about":[{"href":"https:\/\/www.coenaalders.nl\/de\/wp-json\/wp\/v2\/types\/page"}],"author":[{"embeddable":true,"href":"https:\/\/www.coenaalders.nl\/de\/wp-json\/wp\/v2\/users\/1"}],"replies":[{"embeddable":true,"href":"https:\/\/www.coenaalders.nl\/de\/wp-json\/wp\/v2\/comments?post=2340"}],"version-history":[{"count":33,"href":"https:\/\/www.coenaalders.nl\/de\/wp-json\/wp\/v2\/pages\/2340\/revisions"}],"predecessor-version":[{"id":3669,"href":"https:\/\/www.coenaalders.nl\/de\/wp-json\/wp\/v2\/pages\/2340\/revisions\/3669"}],"wp:attachment":[{"href":"https:\/\/www.coenaalders.nl\/de\/wp-json\/wp\/v2\/media?parent=2340"}],"curies":[{"name":"wp","href":"https:\/\/api.w.org\/{rel}","templated":true}]}}