{"id":2352,"date":"2021-12-16T14:14:46","date_gmt":"2021-12-16T13:14:46","guid":{"rendered":"http:\/\/dev.coenaalders.nl\/executive-coaching\/"},"modified":"2022-01-21T17:16:57","modified_gmt":"2022-01-21T16:16:57","slug":"executive-coaching","status":"publish","type":"page","link":"https:\/\/www.coenaalders.nl\/de\/executive-coaching\/","title":{"rendered":"Executive Coaching"},"content":{"rendered":"\t\t<div data-elementor-type=\"wp-page\" data-elementor-id=\"2352\" class=\"elementor elementor-2352 elementor-1316\" data-elementor-post-type=\"page\">\n\t\t\t\t\t\t<section class=\"elementor-section elementor-top-section elementor-element elementor-element-662bbe7 elementor-section-boxed elementor-section-height-default elementor-section-height-default\" data-id=\"662bbe7\" data-element_type=\"section\">\n\t\t\t\t\t\t<div class=\"elementor-container elementor-column-gap-default\">\n\t\t\t\t\t<div class=\"elementor-column elementor-col-100 elementor-top-column elementor-element elementor-element-4e2849e\" data-id=\"4e2849e\" data-element_type=\"column\">\n\t\t\t<div class=\"elementor-widget-wrap elementor-element-populated\">\n\t\t\t\t\t\t<div class=\"elementor-element elementor-element-0b6c544 elementor-headline--style-rotate elementor-widget elementor-widget-animated-headline\" data-id=\"0b6c544\" data-element_type=\"widget\" data-settings=\"{&quot;headline_style&quot;:&quot;rotate&quot;,&quot;animation_type&quot;:&quot;slide&quot;,&quot;rotating_text&quot;:&quot;nur nicht uns selbst?&quot;,&quot;rotate_iteration_delay&quot;:5000}\" data-widget_type=\"animated-headline.default\">\n\t\t\t\t<div class=\"elementor-widget-container\">\n\t\t\t\t\t\t\t<h3 class=\"elementor-headline elementor-headline-animation-type-slide\">\n\t\t\t\t\t<span class=\"elementor-headline-plain-text elementor-headline-text-wrapper\">Warum k\u00f6nnen wir allen helfen, <\/span>\n\t\t\t\t<span class=\"elementor-headline-dynamic-wrapper elementor-headline-text-wrapper\">\n\t\t\t\t\t<span class=\"elementor-headline-dynamic-text elementor-headline-text-active\">\n\t\t\t\tnur&nbsp;nicht&nbsp;uns&nbsp;selbst?\t\t\t<\/span>\n\t\t\t\t\t\t<\/span>\n\t\t\t\t<\/h3>\n\t\t\t\t\t\t<\/div>\n\t\t\t\t<\/div>\n\t\t\t\t\t<\/div>\n\t\t<\/div>\n\t\t\t\t\t<\/div>\n\t\t<\/section>\n\t\t\t\t<section class=\"elementor-section elementor-top-section elementor-element elementor-element-341c1c5a elementor-section-boxed elementor-section-height-default elementor-section-height-default\" data-id=\"341c1c5a\" data-element_type=\"section\">\n\t\t\t\t\t\t<div class=\"elementor-container elementor-column-gap-default\">\n\t\t\t\t\t<div class=\"elementor-column elementor-col-50 elementor-top-column elementor-element elementor-element-4512db72\" data-id=\"4512db72\" data-element_type=\"column\">\n\t\t\t<div class=\"elementor-widget-wrap elementor-element-populated\">\n\t\t\t\t\t\t<div class=\"elementor-element elementor-element-22d1661 elementor-widget elementor-widget-text-editor\" data-id=\"22d1661\" data-element_type=\"widget\" data-widget_type=\"text-editor.default\">\n\t\t\t\t<div class=\"elementor-widget-container\">\n\t\t\t\t\t\t\t\t\t<p><strong>Sie sind ein Profi mit scharfem Blick f\u00fcr Menschen und Organisationen. Und doch werden Sie mit dieser Frage konfrontiert: Warum k\u00f6nnen wir allen helfen, nur nicht uns selbst? <br \/>Die Antwort?<\/strong><\/p>\t\t\t\t\t\t\t\t<\/div>\n\t\t\t\t<\/div>\n\t\t\t\t\t<\/div>\n\t\t<\/div>\n\t\t\t\t<div class=\"elementor-column elementor-col-50 elementor-top-column elementor-element elementor-element-a891804\" data-id=\"a891804\" data-element_type=\"column\">\n\t\t\t<div class=\"elementor-widget-wrap elementor-element-populated\">\n\t\t\t\t\t\t<div class=\"elementor-element elementor-element-90c661f elementor-widget elementor-widget-text-editor\" data-id=\"90c661f\" data-element_type=\"widget\" data-widget_type=\"text-editor.default\">\n\t\t\t\t<div class=\"elementor-widget-container\">\n\t\t\t\t\t\t\t\t\t<p>Weil Ihr Wachstumspotenzial in den Teilen von uns liegt, die wir (noch) nicht sehen k\u00f6nnen. Der Mensch lernt sich selbst in seiner Beziehung zum anderen kennen, eine Ansicht von Martin Buber. Der andere spiegelt wider, wer wir wirklich sind. Aber manchmal ist es sch\u00f6n, wenn der andere nicht der Kollege, Partner, Freund oder die Freundin ist. Distanz schafft Perspektive.<\/p><p>Ich kann Ihnen helfen, sich selbst besser wahrzunehmen. Denn alles, was Sie brauchen, alles, was Sie wissen wollen, ist bereits in Ihnen vorhanden.<\/p>\t\t\t\t\t\t\t\t<\/div>\n\t\t\t\t<\/div>\n\t\t\t\t\t<\/div>\n\t\t<\/div>\n\t\t\t\t\t<\/div>\n\t\t<\/section>\n\t\t\t\t<\/div>\n\t\t","protected":false},"excerpt":{"rendered":"<p>Warum k\u00f6nnen wir allen helfen, nur&nbsp;nicht&nbsp;uns&nbsp;selbst? Sie sind ein Profi mit scharfem Blick f\u00fcr Menschen und Organisationen. Und doch werden Sie mit dieser Frage konfrontiert: Warum k\u00f6nnen wir allen helfen, nur nicht uns selbst? Die Antwort? Weil Ihr Wachstumspotenzial in den Teilen von uns liegt, die wir (noch) nicht sehen k\u00f6nnen. Der Mensch lernt sich [&hellip;]<\/p>\n","protected":false},"author":1,"featured_media":0,"parent":0,"menu_order":0,"comment_status":"closed","ping_status":"open","template":"","meta":{"footnotes":""},"class_list":["post-2352","page","type-page","status-publish","hentry"],"_links":{"self":[{"href":"https:\/\/www.coenaalders.nl\/de\/wp-json\/wp\/v2\/pages\/2352","targetHints":{"allow":["GET"]}}],"collection":[{"href":"https:\/\/www.coenaalders.nl\/de\/wp-json\/wp\/v2\/pages"}],"about":[{"href":"https:\/\/www.coenaalders.nl\/de\/wp-json\/wp\/v2\/types\/page"}],"author":[{"embeddable":true,"href":"https:\/\/www.coenaalders.nl\/de\/wp-json\/wp\/v2\/users\/1"}],"replies":[{"embeddable":true,"href":"https:\/\/www.coenaalders.nl\/de\/wp-json\/wp\/v2\/comments?post=2352"}],"version-history":[{"count":24,"href":"https:\/\/www.coenaalders.nl\/de\/wp-json\/wp\/v2\/pages\/2352\/revisions"}],"predecessor-version":[{"id":3659,"href":"https:\/\/www.coenaalders.nl\/de\/wp-json\/wp\/v2\/pages\/2352\/revisions\/3659"}],"wp:attachment":[{"href":"https:\/\/www.coenaalders.nl\/de\/wp-json\/wp\/v2\/media?parent=2352"}],"curies":[{"name":"wp","href":"https:\/\/api.w.org\/{rel}","templated":true}]}}