{"id":2356,"date":"2021-12-16T14:16:40","date_gmt":"2021-12-16T13:16:40","guid":{"rendered":"http:\/\/dev.coenaalders.nl\/homepage\/"},"modified":"2022-01-27T13:41:09","modified_gmt":"2022-01-27T12:41:09","slug":"homepage","status":"publish","type":"page","link":"https:\/\/www.coenaalders.nl\/de\/","title":{"rendered":"Homepage"},"content":{"rendered":"\t\t<div data-elementor-type=\"wp-page\" data-elementor-id=\"2356\" class=\"elementor elementor-2356 elementor-2\" data-elementor-post-type=\"page\">\n\t\t\t\t\t\t<section class=\"elementor-section elementor-top-section elementor-element elementor-element-c5332ea elementor-hidden-desktop elementor-hidden-tablet elementor-section-boxed elementor-section-height-default elementor-section-height-default elementor-invisible\" data-id=\"c5332ea\" data-element_type=\"section\" data-settings=\"{&quot;animation&quot;:&quot;fadeInUp&quot;,&quot;animation_mobile&quot;:&quot;fadeInUp&quot;}\">\n\t\t\t\t\t\t<div class=\"elementor-container elementor-column-gap-default\">\n\t\t\t\t\t<div class=\"elementor-column elementor-col-100 elementor-top-column elementor-element elementor-element-e7832a1\" data-id=\"e7832a1\" data-element_type=\"column\">\n\t\t\t<div class=\"elementor-widget-wrap elementor-element-populated\">\n\t\t\t\t\t\t<div class=\"elementor-element elementor-element-7f9e60b elementor-widget elementor-widget-text-editor\" data-id=\"7f9e60b\" data-element_type=\"widget\" data-widget_type=\"text-editor.default\">\n\t\t\t\t<div class=\"elementor-widget-container\">\n\t\t\t\t\t\t\t\t\t<p><a href=\"https:\/\/www.coenaalders.nl\/de\/change-management\/\">Change Management<\/a><br \/><a href=\"https:\/\/www.coenaalders.nl\/de\/leadership-consulting\/\">Leadership Consulting<\/a><br \/><a href=\"https:\/\/www.coenaalders.nl\/de\/executive-coaching\/\">Executive Coaching<\/a><\/p>\t\t\t\t\t\t\t\t<\/div>\n\t\t\t\t<\/div>\n\t\t\t\t\t<\/div>\n\t\t<\/div>\n\t\t\t\t\t<\/div>\n\t\t<\/section>\n\t\t\t\t<section class=\"elementor-section elementor-top-section elementor-element elementor-element-57ffcea3 elementor-hidden-phone elementor-section-boxed elementor-section-height-default elementor-section-height-default\" data-id=\"57ffcea3\" data-element_type=\"section\">\n\t\t\t\t\t\t<div class=\"elementor-container elementor-column-gap-default\">\n\t\t\t\t\t<div class=\"elementor-column elementor-col-100 elementor-top-column elementor-element elementor-element-132f19a1\" data-id=\"132f19a1\" data-element_type=\"column\">\n\t\t\t<div class=\"elementor-widget-wrap elementor-element-populated\">\n\t\t\t\t\t\t<div class=\"elementor-element elementor-element-6c137d5d elementor-headline--style-rotate elementor-widget elementor-widget-animated-headline\" data-id=\"6c137d5d\" data-element_type=\"widget\" data-settings=\"{&quot;headline_style&quot;:&quot;rotate&quot;,&quot;animation_type&quot;:&quot;drop-in&quot;,&quot;rotating_text&quot;:&quot;nur uns selbst nicht?&quot;,&quot;rotate_iteration_delay&quot;:5000}\" data-widget_type=\"animated-headline.default\">\n\t\t\t\t<div class=\"elementor-widget-container\">\n\t\t\t\t\t\t\t<h3 class=\"elementor-headline elementor-headline-animation-type-drop-in\">\n\t\t\t\t\t<span class=\"elementor-headline-plain-text elementor-headline-text-wrapper\">Warum k\u00f6nnen wir allen helfen<\/span>\n\t\t\t\t<span class=\"elementor-headline-dynamic-wrapper elementor-headline-text-wrapper\">\n\t\t\t\t\t<span class=\"elementor-headline-dynamic-text elementor-headline-text-active\">\n\t\t\t\tnur&nbsp;uns&nbsp;selbst&nbsp;nicht?\t\t\t<\/span>\n\t\t\t\t\t\t<\/span>\n\t\t\t\t<\/h3>\n\t\t\t\t\t\t<\/div>\n\t\t\t\t<\/div>\n\t\t\t\t\t<\/div>\n\t\t<\/div>\n\t\t\t\t\t<\/div>\n\t\t<\/section>\n\t\t\t\t<section class=\"elementor-section elementor-top-section elementor-element elementor-element-6be38584 elementor-section-boxed elementor-section-height-default elementor-section-height-default\" data-id=\"6be38584\" data-element_type=\"section\">\n\t\t\t\t\t\t<div class=\"elementor-container elementor-column-gap-default\">\n\t\t\t\t\t<div class=\"elementor-column elementor-col-100 elementor-top-column elementor-element elementor-element-67a3665c\" data-id=\"67a3665c\" data-element_type=\"column\">\n\t\t\t<div class=\"elementor-widget-wrap elementor-element-populated\">\n\t\t\t\t\t\t<section class=\"elementor-section elementor-inner-section elementor-element elementor-element-22fc32f elementor-hidden-phone elementor-section-boxed elementor-section-height-default elementor-section-height-default\" data-id=\"22fc32f\" data-element_type=\"section\">\n\t\t\t\t\t\t<div class=\"elementor-container elementor-column-gap-default\">\n\t\t\t\t\t<div class=\"elementor-column elementor-col-33 elementor-inner-column elementor-element elementor-element-20503bc\" data-id=\"20503bc\" data-element_type=\"column\">\n\t\t\t<div class=\"elementor-widget-wrap elementor-element-populated\">\n\t\t\t\t\t\t<div class=\"elementor-element elementor-element-bd95861 elementor-widget elementor-widget-text-editor\" data-id=\"bd95861\" data-element_type=\"widget\" data-widget_type=\"text-editor.default\">\n\t\t\t\t<div class=\"elementor-widget-container\">\n\t\t\t\t\t\t\t\t\t<h2>Change Management<\/h2><p>Ver\u00e4nderungsprozesse zu leiten ist eine Kunst f\u00fcr sich. Eine Kunst, die viel mehr umfasst als das Zeichnen einer neuen Organisationskarte oder die Einf\u00fchrung eines neuen Verwaltungssystems.<\/p><p><a href=\"https:\/\/www.coenaalders.nl\/de\/change-management\/\">Change Management \u2026<\/a><\/p>\t\t\t\t\t\t\t\t<\/div>\n\t\t\t\t<\/div>\n\t\t\t\t\t<\/div>\n\t\t<\/div>\n\t\t\t\t<div class=\"elementor-column elementor-col-33 elementor-inner-column elementor-element elementor-element-d33c057\" data-id=\"d33c057\" data-element_type=\"column\">\n\t\t\t<div class=\"elementor-widget-wrap elementor-element-populated\">\n\t\t\t\t\t\t<div class=\"elementor-element elementor-element-6eaec60 elementor-widget elementor-widget-text-editor\" data-id=\"6eaec60\" data-element_type=\"widget\" data-widget_type=\"text-editor.default\">\n\t\t\t\t<div class=\"elementor-widget-container\">\n\t\t\t\t\t\t\t\t\t<h2>Leadership Consulting<\/h2><p>Beratungs- und Managementtheorien konzentrieren sich gew\u00f6hnlich auf das Sichtbare, das Konkrete und Bewusste, das Rationale. Dies sind zweifellos sehr wichtige Aspekte der Organisation, aber sie bilden nicht die gesamte Realit\u00e4t ab.<\/p><p><a href=\"https:\/\/www.coenaalders.nl\/de\/leadership-consulting\/\">Leadership Consulting \u2026<\/a><\/p>\t\t\t\t\t\t\t\t<\/div>\n\t\t\t\t<\/div>\n\t\t\t\t\t<\/div>\n\t\t<\/div>\n\t\t\t\t<div class=\"elementor-column elementor-col-33 elementor-inner-column elementor-element elementor-element-9526d52\" data-id=\"9526d52\" data-element_type=\"column\">\n\t\t\t<div class=\"elementor-widget-wrap elementor-element-populated\">\n\t\t\t\t\t\t<div class=\"elementor-element elementor-element-955f1a4 elementor-widget elementor-widget-text-editor\" data-id=\"955f1a4\" data-element_type=\"widget\" data-widget_type=\"text-editor.default\">\n\t\t\t\t<div class=\"elementor-widget-container\">\n\t\t\t\t\t\t\t\t\t<h2>Executive Coaching<\/h2><p>Sie sind ein Profi mit scharfem Blick f\u00fcr Menschen und Organisationen. Und doch werden Sie mit dieser Frage konfrontiert: Warum k\u00f6nnen wir allen helfen, nur nicht uns selbst? Die Antwort?<\/p><p><a href=\"https:\/\/www.coenaalders.nl\/de\/executive-coaching\/\">Executive Coaching \u2026<\/a><\/p>\t\t\t\t\t\t\t\t<\/div>\n\t\t\t\t<\/div>\n\t\t\t\t\t<\/div>\n\t\t<\/div>\n\t\t\t\t\t<\/div>\n\t\t<\/section>\n\t\t\t\t\t<\/div>\n\t\t<\/div>\n\t\t\t\t\t<\/div>\n\t\t<\/section>\n\t\t\t\t<\/div>\n\t\t","protected":false},"excerpt":{"rendered":"<p>Change ManagementLeadership ConsultingExecutive Coaching Warum k\u00f6nnen wir allen helfen nur&nbsp;uns&nbsp;selbst&nbsp;nicht? Change Management Ver\u00e4nderungsprozesse zu leiten ist eine Kunst f\u00fcr sich. Eine Kunst, die viel mehr umfasst als das Zeichnen einer neuen Organisationskarte oder die Einf\u00fchrung eines neuen Verwaltungssystems. Change Management \u2026 Leadership Consulting Beratungs- und Managementtheorien konzentrieren sich gew\u00f6hnlich auf das Sichtbare, das Konkrete und [&hellip;]<\/p>\n","protected":false},"author":1,"featured_media":0,"parent":0,"menu_order":0,"comment_status":"closed","ping_status":"open","template":"","meta":{"footnotes":""},"class_list":["post-2356","page","type-page","status-publish","hentry"],"_links":{"self":[{"href":"https:\/\/www.coenaalders.nl\/de\/wp-json\/wp\/v2\/pages\/2356","targetHints":{"allow":["GET"]}}],"collection":[{"href":"https:\/\/www.coenaalders.nl\/de\/wp-json\/wp\/v2\/pages"}],"about":[{"href":"https:\/\/www.coenaalders.nl\/de\/wp-json\/wp\/v2\/types\/page"}],"author":[{"embeddable":true,"href":"https:\/\/www.coenaalders.nl\/de\/wp-json\/wp\/v2\/users\/1"}],"replies":[{"embeddable":true,"href":"https:\/\/www.coenaalders.nl\/de\/wp-json\/wp\/v2\/comments?post=2356"}],"version-history":[{"count":49,"href":"https:\/\/www.coenaalders.nl\/de\/wp-json\/wp\/v2\/pages\/2356\/revisions"}],"predecessor-version":[{"id":3790,"href":"https:\/\/www.coenaalders.nl\/de\/wp-json\/wp\/v2\/pages\/2356\/revisions\/3790"}],"wp:attachment":[{"href":"https:\/\/www.coenaalders.nl\/de\/wp-json\/wp\/v2\/media?parent=2356"}],"curies":[{"name":"wp","href":"https:\/\/api.w.org\/{rel}","templated":true}]}}