{"id":2424,"date":"2021-12-16T21:17:16","date_gmt":"2021-12-16T20:17:16","guid":{"rendered":"http:\/\/dev.coenaalders.nl\/die-phaenomenologische-perspektive\/"},"modified":"2022-02-15T12:09:29","modified_gmt":"2022-02-15T11:09:29","slug":"die-phaenomenologische-perspektive","status":"publish","type":"page","link":"https:\/\/www.coenaalders.nl\/de\/die-phaenomenologische-perspektive\/","title":{"rendered":"Die Ph\u00e4nomenologische Perspektive"},"content":{"rendered":"\t\t<div data-elementor-type=\"wp-page\" data-elementor-id=\"2424\" class=\"elementor elementor-2424 elementor-1132\" data-elementor-post-type=\"page\">\n\t\t\t\t\t\t<section class=\"elementor-section elementor-top-section elementor-element elementor-element-e0718ef elementor-section-boxed elementor-section-height-default elementor-section-height-default\" data-id=\"e0718ef\" data-element_type=\"section\">\n\t\t\t\t\t\t<div class=\"elementor-container elementor-column-gap-default\">\n\t\t\t\t\t<div class=\"elementor-column elementor-col-100 elementor-top-column elementor-element elementor-element-77c0770\" data-id=\"77c0770\" data-element_type=\"column\">\n\t\t\t<div class=\"elementor-widget-wrap elementor-element-populated\">\n\t\t\t\t\t\t<div class=\"elementor-element elementor-element-2c6ba37 elementor-headline--style-rotate elementor-widget elementor-widget-animated-headline\" data-id=\"2c6ba37\" data-element_type=\"widget\" data-settings=\"{&quot;headline_style&quot;:&quot;rotate&quot;,&quot;animation_type&quot;:&quot;drop-in&quot;,&quot;rotating_text&quot;:&quot;ph\\u00e4nomenologische&quot;,&quot;rotate_iteration_delay&quot;:100000}\" data-widget_type=\"animated-headline.default\">\n\t\t\t\t<div class=\"elementor-widget-container\">\n\t\t\t\t\t\t\t<h3 class=\"elementor-headline elementor-headline-animation-type-drop-in\">\n\t\t\t\t\t<span class=\"elementor-headline-plain-text elementor-headline-text-wrapper\">Die <\/span>\n\t\t\t\t<span class=\"elementor-headline-dynamic-wrapper elementor-headline-text-wrapper\">\n\t\t\t\t\t<span class=\"elementor-headline-dynamic-text elementor-headline-text-active\">\n\t\t\t\tph\u00e4nomenologische\t\t\t<\/span>\n\t\t\t\t\t\t<\/span>\n\t\t\t\t\t<span class=\"elementor-headline-plain-text elementor-headline-text-wrapper\">Perspektive der F\u00fchrung<\/span>\n\t\t\t\t\t<\/h3>\n\t\t\t\t\t\t<\/div>\n\t\t\t\t<\/div>\n\t\t\t\t\t<\/div>\n\t\t<\/div>\n\t\t\t\t\t<\/div>\n\t\t<\/section>\n\t\t\t\t<section class=\"elementor-section elementor-top-section elementor-element elementor-element-4a3f8bab elementor-section-boxed elementor-section-height-default elementor-section-height-default\" data-id=\"4a3f8bab\" data-element_type=\"section\">\n\t\t\t\t\t\t<div class=\"elementor-container elementor-column-gap-default\">\n\t\t\t\t\t<div class=\"elementor-column elementor-col-50 elementor-top-column elementor-element elementor-element-6c6678a4\" data-id=\"6c6678a4\" data-element_type=\"column\">\n\t\t\t<div class=\"elementor-widget-wrap elementor-element-populated\">\n\t\t\t\t\t\t<div class=\"elementor-element elementor-element-3f0861b elementor-widget elementor-widget-text-editor\" data-id=\"3f0861b\" data-element_type=\"widget\" data-widget_type=\"text-editor.default\">\n\t\t\t\t<div class=\"elementor-widget-container\">\n\t\t\t\t\t\t\t\t\t<p>Was ist, wenn die inspirierende, wahre F\u00fchrungspers\u00f6nlichkeit, von der wir in dieser selbstverwalteten und partizipativen \u00c4ra insgeheim tr\u00e4umen, sich als auch nur ein Mensch entpuppt, mit anerkannten und unerfreulichen Seiten?<\/p><p>Was w\u00e4re, wenn wir mit all unserem Wissen, unseren Konzepten, Modellen, Theorien und \u00dcberzeugungen, die die Bausteine unserer modernen Gesellschaft sind, die Komplexit\u00e4t von morgen nicht l\u00f6sen k\u00f6nnen?<\/p><p>Was ist, wenn unsere Organisationen das Beste aus vielen Welten sind und wir dennoch in eine Sackgasse geraten sind?<\/p><p>Die Evolution suggeriert eine neue Perspektive. Sie h\u00f6rt auf, in der Vergangenheit nach den Ursachen f\u00fcr unsere Probleme zu suchen. Es wird auch damit aufgeh\u00f6rt, die Zukunft zu &#8222;konstruieren&#8220;, auf die sich der Mainstream von Coaching und Beratung konzentriert. Wir schauen auf das, was uns das Hier und Jetzt sagt. &#8222;<strong>Die ph\u00e4nomenologische Perspektive<\/strong>&#8220; nennen wir diesen Modus. Sie erm\u00f6glicht den Zugang zu einer kreativen Intelligenz und der m\u00fchelosen Kraft des Augenblicks. Und es h\u00f6rt auf, gegen das zu k\u00e4mpfen, was ist.<\/p><p>Die Welt scheint von der Vorstellung beherrscht zu sein, dass man seine Realit\u00e4t selbst gestalten kann, dass man sein Leben nach seinen Vorstellungen ver\u00e4ndern kann. Diese Ansicht erweist sich zunehmend als Illusion. Die heutigen Ver\u00e4nderungen und Herausforderungen verlangen von den F\u00fchrungskr\u00e4ften, mehr mit sich selbst in Kontakt zu sein, ihrer inneren Berufung zu folgen, sich selbst intuitiver wahrzunehmen und so zu handeln, wie sie wirklich sind. Das kann f\u00fcr viele schwierig sein. Aber alles, was Sie \u00fcbersehen (und bei unserer Menschlichkeit ist das unvermeidlich), kommt auf Sie zur\u00fcck, ohne Ausnahme. Wenn wir genau hinh\u00f6ren, k\u00f6nnen wir \u00fcberall auf der Welt den Ruf nach dieser Art zu leben, zu arbeiten und zu entscheiden vernehmen.<\/p><p>Auf kollektiver Ebene zeigt sich dies in Form von Fl\u00fcchtlingsbewegungen; auf pers\u00f6nlicher Ebene in Form von Burnout, \u00fcberlasteten Arbeitspl\u00e4nen und leeren Beziehungen; auf organisatorischer Ebene in Form von Konflikten, Krisen und Marktverlusten.<\/p><p>Die ph\u00e4nomenologische Perspektive besteht in erster Linie in einer kristallklaren und ungehinderten Darstellung dessen, was wir beobachten. Die Bedeutung dessen, was wir in einer Organisation oder einer Beratungssitzung beobachten, ist nicht mehr umstritten. Wir lassen es auf uns wirken, so wie es erscheint. <strong>Was diese Perspektive schafft ist bemerkenswerte Pr\u00e4zision, Kraft und Wirkung.<\/strong><\/p>\t\t\t\t\t\t\t\t<\/div>\n\t\t\t\t<\/div>\n\t\t\t\t\t<\/div>\n\t\t<\/div>\n\t\t\t\t<div class=\"elementor-column elementor-col-50 elementor-top-column elementor-element elementor-element-0caf77c\" data-id=\"0caf77c\" data-element_type=\"column\">\n\t\t\t<div class=\"elementor-widget-wrap elementor-element-populated\">\n\t\t\t\t\t\t<div class=\"elementor-element elementor-element-2f341fa8 elementor-widget elementor-widget-text-editor\" data-id=\"2f341fa8\" data-element_type=\"widget\" data-widget_type=\"text-editor.default\">\n\t\t\t\t<div class=\"elementor-widget-container\">\n\t\t\t\t\t\t\t\t\t<blockquote><p>&#8222;Wir k\u00f6nnen nur sehen und anerkennen, was erscheint. Alles andere ist blo\u00dfer Gedanke, blo\u00dfe Theorie und unwirklich. Das, was erscheint, ist unendlich &#8211; unendlich weit, unendlich vielf\u00e4ltig und unendlich tief. Je mehr und tiefer wir uns auf die erscheinende Wirklichkeit einlassen und sie auf uns wirken und uns ber\u00fchren lassen, desto mehr und tiefer erfahren wir die Welt &#8211; und zugleich uns selbst.&#8220;<\/p><p>Wilfried Nelles<\/p><\/blockquote>\t\t\t\t\t\t\t\t<\/div>\n\t\t\t\t<\/div>\n\t\t\t\t\t<\/div>\n\t\t<\/div>\n\t\t\t\t\t<\/div>\n\t\t<\/section>\n\t\t\t\t<\/div>\n\t\t","protected":false},"excerpt":{"rendered":"<p>Die ph\u00e4nomenologische Perspektive der F\u00fchrung Was ist, wenn die inspirierende, wahre F\u00fchrungspers\u00f6nlichkeit, von der wir in dieser selbstverwalteten und partizipativen \u00c4ra insgeheim tr\u00e4umen, sich als auch nur ein Mensch entpuppt, mit anerkannten und unerfreulichen Seiten? Was w\u00e4re, wenn wir mit all unserem Wissen, unseren Konzepten, Modellen, Theorien und \u00dcberzeugungen, die die Bausteine unserer modernen Gesellschaft [&hellip;]<\/p>\n","protected":false},"author":1,"featured_media":0,"parent":0,"menu_order":0,"comment_status":"closed","ping_status":"open","template":"","meta":{"footnotes":""},"class_list":["post-2424","page","type-page","status-publish","hentry"],"_links":{"self":[{"href":"https:\/\/www.coenaalders.nl\/de\/wp-json\/wp\/v2\/pages\/2424","targetHints":{"allow":["GET"]}}],"collection":[{"href":"https:\/\/www.coenaalders.nl\/de\/wp-json\/wp\/v2\/pages"}],"about":[{"href":"https:\/\/www.coenaalders.nl\/de\/wp-json\/wp\/v2\/types\/page"}],"author":[{"embeddable":true,"href":"https:\/\/www.coenaalders.nl\/de\/wp-json\/wp\/v2\/users\/1"}],"replies":[{"embeddable":true,"href":"https:\/\/www.coenaalders.nl\/de\/wp-json\/wp\/v2\/comments?post=2424"}],"version-history":[{"count":40,"href":"https:\/\/www.coenaalders.nl\/de\/wp-json\/wp\/v2\/pages\/2424\/revisions"}],"predecessor-version":[{"id":3853,"href":"https:\/\/www.coenaalders.nl\/de\/wp-json\/wp\/v2\/pages\/2424\/revisions\/3853"}],"wp:attachment":[{"href":"https:\/\/www.coenaalders.nl\/de\/wp-json\/wp\/v2\/media?parent=2424"}],"curies":[{"name":"wp","href":"https:\/\/api.w.org\/{rel}","templated":true}]}}